{"id":48,"date":"2026-05-14T17:38:58","date_gmt":"2026-05-14T17:38:58","guid":{"rendered":"https:\/\/sdps.si\/?page_id=48"},"modified":"2026-05-15T09:57:36","modified_gmt":"2026-05-15T09:57:36","slug":"home","status":"publish","type":"page","link":"https:\/\/sdps.si\/","title":{"rendered":"Home"},"content":{"rendered":"\n\n\n\n<h3 style=\"color: rgb(0, 0, 0);\">O Dru\u0161tvu<\/h3>\n<p>Dru\u0161tvo gostuje na voja\u0161kem streli<span style=\"background-color:#ffffff;\"><\/span>\u0161\u010du Velenik pri Slovenski Bistrici.<\/p><p><br><\/p><p>Streljamo na streli\u0161\u010du za kratkocevno oro\u017eje (10m &#8211; 25m) in dolgocevno oro\u017eje (50m &#8211; 300m).<\/p>\n<p>Strelski treningi potekajo pod nadzorom izku\u0161enih \u010dlanov dru\u0161tva.<\/p>\n\n\n\n\n\n\n\n\n\n\n<h3 style=\"font-family: Dosis; font-size: 33px; font-weight: 600; text-transform: uppercase; line-height: 1; letter-spacing: 4px; color: rgb(0, 0, 0); text-align: start;\"><br><\/h3>\n<h3 style=\"text-align: justify;\">&nbsp; &nbsp; &nbsp; &nbsp; &nbsp; &nbsp; Organi Dru\u0161tva<\/h3>\n<h4>Predsednik: Zvonko Poto\u010dnik<\/h4>\n<p><span style=\"color: rgb(51, 51, 51); font-family: Dosis; font-size: 16px; font-weight: 400; letter-spacing: 2px;\">PODPREDSEDNIK: Janko Bolko<\/span><\/p><p><br><\/p><p>TAJNIK: Bo\u0161tjan Pogorevc<\/p><p>BLAGAJNIK: Anka Pu\u0161njak<\/p><p><br><\/p><p>GOSPODAR: Matja\u017e Rebernik<\/p>\n\n\n\n\n<h3><br><\/h3>\n<p><br><\/p><h3>Zgodovina dru\u0161tvA<\/h3><p><br><\/p><p>Dru\u0161tvo je bilo ustanovljeno leta 1999 na pobudo Andreja Slatin\u0161ka in Zvonkota Poto\u010dnika. Prvotna ideja, pobuda, pozitiven pristop ter seveda nemalo anga\u017eiranja mnogih posameznikov, so kmalu pokazale, da smo na pravi poti. V obdobju od ustanovitve pa vse do danes, smo v dru\u0161tvu zabele\u017eili precej pozitivnih sprememb. Dru\u0161tvo, \u017ee vse od ustanovitve, gostuje na voja\u0161kem streli\u0161\u010du v Veleniku pri Slov. Bistrici. Na lokaciji sta tako streli\u0161\u010de za kratkocevno, kot tudi streli\u0161\u010de za dolgocevno oro\u017eje. Dru\u0161tvo je v\u010dlanjeno v SZPS (Slovensko zvezo za prakti\u010dno strelstvo), kar omogo\u010da na\u0161im \u010dlanom z opravljenim IPSC izpitom, udele\u017ebo na tekmovanjih pod okriljem zveze.&nbsp;<\/p><p><br><\/p><p>V zadnjih nekaj letih se je med nekaterimi \u010dlani dru\u0161tva prebudilo ve\u010dje zanimanje za streljanje s pu\u0161ko velikega kalibra. Entuziazem in \u017eelja po napredovanju v tem \u0161portu se odra\u017eata tudi v rezultatih, saj imamo ve\u010d strelcev z dolgocevnim oro\u017ejem, ki na mednarodnih tekmovanjih v disciplini F-Class dosegajo vrhunske rezultate.<\/p><p><br><\/p><p>Prav tako je vzpodbuden podatek, da tudi sicer zanimanje za strelsko, \u0161portno oz. rekreativno dejavnost, z leti nara\u0161\u010da, kar se odra\u017ea tudi na \u0161tevilu \u010dlanov.&nbsp;<\/p><p><br><\/p><p>V letu 2019 je SDPS Slov. Bistrica obele\u017eilo 20. obletnico svojega delovanja. V letu 2024 bele\u017eimo \u010detrt stoletja svojega delovanja.&nbsp;<\/p>\n\n\n\n\n\n<h3><br><\/h3>\n\n\n\n\n\n\n\n<h3 style=\"text-align: justify;\">&nbsp; &nbsp; &nbsp; &nbsp; &nbsp; &nbsp;&nbsp;<\/h3>\n<h3><\/h3>\n<h3 style=\"font-size: 18px; letter-spacing: 2px; color: rgb(0, 0, 0); text-align: center; line-height: 1.6em !important;\"><span style=\"font-size: 33px; letter-spacing: 4px; text-align: justify;\">URNIK Streljanja<\/span><\/h3>\n<h4 style=\"font-size: 18px; letter-spacing: 2px; color: rgb(0, 0, 0); text-align: center; line-height: 1.6em !important;\"><span style=\"color: rgb(51, 51, 51); font-size: 16px; font-weight: 400; line-height: 1.6em !important;\">Treningi streljanja se pri\u010dnejo ob 16:00 do 18:00<\/span><\/h4>\n<h4 style=\"font-size: 18px; letter-spacing: 2px; color: rgb(0, 0, 0); text-align: center; line-height: 1.6em !important;\"><span style=\"color: rgb(51, 51, 51); font-size: 16px; font-weight: 400; line-height: 1.6em !important;\">ponedeljek, sreda in petek <\/span><\/h4>\n<h4 style=\"font-size: 18px; letter-spacing: 2px; color: rgb(0, 0, 0); text-align: center; line-height: 1.6em !important;\"><span style=\"color: rgb(51, 51, 51); font-size: 16px; font-weight: 400; line-height: 1.6em !important;\">razen 1. in 3. ponedeljka in petka v mesecu.<\/span><\/h4>\n<h4><span\u00a0style=\"color: rgb(51,=\"\" 51,=\"\" 51);=\"\" font-family:=\"\" dosis;=\"\" font-size:=\"\" 16px;=\"\" font-weight:=\"\" 400;=\"\" letter-spacing:=\"\" 2px;\"=\"\" style=\"color: rgb(0, 0, 0);\">&nbsp;<span style=\"font-size:x-small;\">stanje maj, 2026<\/span><\/span\u00a0style=\"color:><\/h4>\n<p><br><\/p>\n\n\n\n\n\n<h3 style=\"color: rgb(0, 0, 0);\">Varnost na streli\u0161\u010du<\/h3>\n<p>Ker je oro\u017eje \u017ee po svoji osnovni definiciji nevarno, je pri izvajanju strelske dejavnosti, potrebno \u0161e posebej pozorno in dosledno upo\u0161tevati vse varnostne vidike in varnostna pravila.<br><\/p>\n\n<span style=\"color: rgb(51, 51, 51); font-size: 16px; letter-spacing: 2px;\">Z oro\u017ejem vedno ravnamo, kot da je napolnjeno.<\/span>\n<font color=\"#333333\"><span style=\"letter-spacing: 2px;\">Oro\u017eje mora biti vedno obrnjeno v varno smer.<\/span><\/font>\n<span style=\"color: rgb(51, 51, 51); font-size: 16px; letter-spacing: 2px;\">Varna smer je tista smer v kateri oro\u017eje ob spro\u017eitvi ne more ni\u010desar in nikogar po\u0161kodovati in v kateri ni mo\u017enosti preboja (razen tar\u010de) ali odboja.<\/span>\n<span style=\"color: rgb(51, 51, 51); font-size: 16px; letter-spacing: 2px;\">Pri rokovanju z oro\u017ejem, le-tega najprej obrnemo v varno smer in se prepri\u010damo, da ni morda napolnjeno.<\/span>\n<span style=\"color: rgb(51, 51, 51); font-size: 16px; letter-spacing: 2px;\">Prst je lahko na spro\u017eilcu \u0161ele neposredno pred strelom, ko je oro\u017eje usmerjeno v tar\u010do.<\/span>\n<span style=\"color: rgb(51, 51, 51); font-size: 16px; letter-spacing: 2px;\">Tar\u010da mora biti vedno postavljena v varni smeri.<\/span>\n<span style=\"color: rgb(51, 51, 51); font-size: 16px; letter-spacing: 2px;\">Pred streljanjem se vedno prepri\u010damo ali imamo ustrezno strelivo, ali je oro\u017eje varno delujo\u010de in ali&nbsp; vemo kako deluje.<\/span>\n<span style=\"color: rgb(51, 51, 51); font-size: 16px; letter-spacing: 2px;\">V primeru zastoja, oro\u017eje obrnemo v varno smer in poskusimo zastoj varno odpraviti ali pokli\u010demo na pomo\u010d de\u017eurnega oz. pomo\u010dnika de\u017eurnega na streli\u0161\u010du.<\/span>\n<span style=\"color: rgb(51, 51, 51); font-size: 16px; letter-spacing: 2px;\">Po kon\u010danem streljanju izvzamemo nabojnik iz oro\u017eja, ter izpraznjeno oro\u017eje polo\u017eimo,&nbsp; obrnjeno v varno smer, na strelno linijo, z odprtim zaklepom \/ bobni\u010dem tako, da je vidno prazno le\u017ei\u0161\u010de naboja.<\/span>\n<span style=\"color: rgb(51, 51, 51); font-size: 16px; letter-spacing: 2px;\">Obvezna oprema strelca je oprema za za\u0161\u010dito vida (o\u010dala) in sluha (glu\u0161niki).<\/span>\n\n<p><strong>Vsi \u010dlani SDPS so na streli\u0161\u010du dol\u017eni upo\u0161tevati na\u010dela varnega rokovanja z oro\u017ejem ter navodila de\u017eurnega in pomo\u010dnika de\u017eurnega<\/strong><\/p><p><br><\/p><p><br><\/p>\n\n\n\n\n\n\n\n\n\n\n<h3 style=\"color: rgb(0, 0, 0);\"><br><\/h3>\n<h3 style=\"color: rgb(0, 0, 0);\"><br><\/h3>\n<h3 style=\"color: rgb(0, 0, 0);\"><br><\/h3>\n<h3 style=\"color: rgb(0, 0, 0);\"><br><\/h3>\n<h3 style=\"color: rgb(0, 0, 0);\"><br><\/h3>\n<h3 style=\"color: rgb(0, 0, 0);\"><br><\/h3>\n<h3 style=\"color: rgb(0, 0, 0);\"><br><\/h3>\n<h3 style=\"color: rgb(0, 0, 0);\">POSTOPEK SPREJEMANJA NOVIH \u010cLANOV<\/h3>\n<p><strong>1. Izpolnite vlogo za \u010dlanstvo<\/strong><\/p>\n<p>\u010ce \u017eeli\u0161 postati \u010dlan Strelskega dru\u0161tva prakti\u010dnega streljanja Slovenska Bistrica, izpolni vlogo za \u010dlanstvo in jo po\u0161lji na sede\u017e dru\u0161tva v obdobju med <strong>1. 1. in 31. 1. v teko\u010dem letu.<\/strong><\/p>\n<p><strong>2. Prilo\u017ei dokazilo<\/strong><\/p>\n<p>Vlogi mora\u0161 prilo\u017eiti tudi <strong>dokazilo o nekaznovanosti<\/strong>.<\/p>\n<p><strong>3. Pregled prijav<\/strong>&nbsp;<\/p>\n<p>Po prejemu prijav upravni odbor pregleda vse kandidate in pripravi seznam predlaganih novih \u010dlanov.<\/p>\n<p><strong>4. Povabilo na ob\u010dni zbor<\/strong><\/p>\n<p>Izbrani kandidati so povabljeni na <strong>ob\u010dni zbor konec februarja<\/strong>, kjer \u010dlani dru\u0161tva glasujejo o njihovi kandidaturi.<\/p>\n<p><strong>5. Potrditev \u010dlanstva<\/strong><\/p>\n<p>Kandidat postane polnopravni \u010dlan dru\u0161tva, ko je njegova kandidatura na ob\u010dnem zboru potrjena z ve\u010dino glasov.<\/p>\n\n\n\n\n\n","protected":false},"excerpt":{"rendered":"","protected":false},"author":2,"featured_media":0,"parent":0,"menu_order":0,"comment_status":"closed","ping_status":"closed","template":"","meta":{"pagelayer_contact_templates":[],"_pagelayer_content":"","footnotes":""},"class_list":["post-48","page","type-page","status-publish","hentry"],"_links":{"self":[{"href":"https:\/\/sdps.si\/index.php?rest_route=\/wp\/v2\/pages\/48","targetHints":{"allow":["GET"]}}],"collection":[{"href":"https:\/\/sdps.si\/index.php?rest_route=\/wp\/v2\/pages"}],"about":[{"href":"https:\/\/sdps.si\/index.php?rest_route=\/wp\/v2\/types\/page"}],"author":[{"embeddable":true,"href":"https:\/\/sdps.si\/index.php?rest_route=\/wp\/v2\/users\/2"}],"replies":[{"embeddable":true,"href":"https:\/\/sdps.si\/index.php?rest_route=%2Fwp%2Fv2%2Fcomments&post=48"}],"version-history":[{"count":31,"href":"https:\/\/sdps.si\/index.php?rest_route=\/wp\/v2\/pages\/48\/revisions"}],"predecessor-version":[{"id":117,"href":"https:\/\/sdps.si\/index.php?rest_route=\/wp\/v2\/pages\/48\/revisions\/117"}],"wp:attachment":[{"href":"https:\/\/sdps.si\/index.php?rest_route=%2Fwp%2Fv2%2Fmedia&parent=48"}],"curies":[{"name":"wp","href":"https:\/\/api.w.org\/{rel}","templated":true}]}}